{"id":709,"date":"2023-04-18T10:59:44","date_gmt":"2023-04-18T08:59:44","guid":{"rendered":"https:\/\/mybestcase.heffner.consulting\/is-ilani-muhasebeci\/"},"modified":"2023-04-26T14:17:19","modified_gmt":"2023-04-26T12:17:19","slug":"is-ilani-muhasebeci","status":"publish","type":"page","link":"https:\/\/mybestcase.de\/tr\/is-ilani-muhasebeci\/","title":{"rendered":"\u0130\u015f \u0130lan\u0131 &#8211; Muhasebeci"},"content":{"rendered":"\n<h1 class=\"wp-block-heading\" style=\"padding-top:var(--wp--preset--spacing--80);padding-bottom:0\">Muhasebeci \/ Bilan\u00e7o muhasebecisi (f\/m\/d)<\/h1>\n\n<h2 class=\"wp-block-heading\">Tam veya yar\u0131 zamanl\u0131<\/h2>\n\n<h2 class=\"wp-block-heading\">Bunlar sizin g\u00f6revleriniz<\/h2>\n\n<ul class=\"wp-block-list\">\n<li>Farkl\u0131 b\u00fcy\u00fckl\u00fckteki \u015firketlere vergi dan\u0131\u015fmanl\u0131\u011f\u0131<\/li>\n\n\n\n<li>M\u00fc\u015fterilerimizin bordro ve mali muhasebe i\u015flemlerinin yap\u0131lmas\u0131<\/li>\n\n\n\n<li>Y\u0131ll\u0131k mali tablolar\u0131n ve vergi beyannamelerinin haz\u0131rlanmas\u0131<\/li>\n\n\n\n<li>M\u00fc\u015fteriler ve yetkililerle yaz\u0131\u015fmalar<\/li>\n\n\n\n<li>M\u00fc\u015fterilerimiz i\u00e7in yetkin irtibat ki\u015fileri olmak<\/li>\n<\/ul>\n\n<h2 class=\"wp-block-heading\">Bu sizin profiliniz<\/h2>\n\n<ul class=\"wp-block-list\">\n<li>\u0130deal olarak, e\u011fitimin ba\u015far\u0131l\u0131 bir \u015fekilde tamamlanmas\u0131yla vergi dan\u0131\u015fman yard\u0131mc\u0131s\u0131 olarak \u00e7\u0131rakl\u0131k e\u011fitimi<\/li>\n\n\n\n<li>\u0130deal olarak profesyonel deneyim<\/li>\n\n\n\n<li>MS Office programlar\u0131 ve DATEV\/Agenda bilgisi<\/li>\n\n\n\n<li>Ba\u011fl\u0131l\u0131k, tak\u0131m ruhu, sadakat, samimiyet ve g\u00fcvenilirlik<\/li>\n<\/ul>\n\n<h2 class=\"wp-block-heading\">Ne sunuyoruz<\/h2>\n\n<ul class=\"wp-block-list\">\n<li>Gelece\u011fe d\u00f6n\u00fck \u00e7al\u0131\u015fma<\/li>\n\n\n\n<li>Esnek \u00e7al\u0131\u015fma saatleri, mobil \u00e7al\u0131\u015fma imkan\u0131<\/li>\n\n\n\n<li>Fikirlere ve kat\u0131l\u0131ma yer veren d\u00fcz hiyerar\u015filer &#8211; fikir y\u00f6netimi<\/li>\n\n\n\n<li>E\u011fitim ve geli\u015fim f\u0131rsatlar\u0131<\/li>\n\n\n\n<li>\u00c7al\u0131\u015fanlar\u0131m\u0131z i\u00e7in kurumsal yan haklar ve di\u011fer avantajlar<\/li>\n<\/ul>\n\n<h2 class=\"wp-block-heading\">Uygulama<\/h2>\n\n<p>E\u011fer ilginizi \u00e7ektiysek ve dijital, gelece\u011fe d\u00f6n\u00fck ve gen\u00e7 bir hukuk b\u00fcrosunda hem kendinizi geli\u015ftirebilece\u011finiz hem de i\u015finizden keyif alabilece\u011finiz yeni bir meydan okuma ar\u0131yorsan\u0131z, ba\u015fvurunuzu almaktan ve sizinle \u015fahsen tan\u0131\u015fmaktan memnuniyet duyar\u0131z.<\/p>\n\n<p>Online ba\u015fvurumuzu kullan\u0131n:<\/p>\n<div class=\"wpforms-container wpforms-container-full wpforms-block wpforms-block-38ce95fa-6dc8-4248-9887-78437ebabc5e\" id=\"wpforms-508\"><form id=\"wpforms-form-508\" class=\"wpforms-validate wpforms-form wpforms-ajax-form\" data-formid=\"508\" method=\"post\" enctype=\"multipart\/form-data\" action=\"\/tr\/wp-json\/wp\/v2\/pages\/709?wpforms_form_id=508\" data-token=\"93120790cc104b2b7cee52c912de8a83\" data-token-time=\"1777950720\"><noscript class=\"wpforms-error-noscript\">Bu formu bitirebilmek i\u00e7in taray\u0131c\u0131n\u0131zda JavaScript&#039;i etkinle\u015ftirin.<\/noscript><div class=\"wpforms-field-container\"><div id=\"wpforms-508-field_1-container\" class=\"wpforms-field wpforms-field-divider\" data-field-id=\"1\"><h3 id=\"wpforms-508-field_1\">Ba\u015fvurunuz<\/h3><\/div><div id=\"wpforms-508-field_2-container\" class=\"wpforms-field wpforms-field-select wpforms-field-select-style-classic\" data-field-id=\"2\"><label class=\"wpforms-field-label\" for=\"wpforms-508-field_2\">pozisyonu i\u00e7in <span class=\"wpforms-required-label\">*<\/span><\/label><select id=\"wpforms-508-field_2\" class=\"wpforms-field-medium wpforms-field-required\" name=\"wpforms[fields][2]\" required=\"required\"><option value=\"Vergi dan\u0131\u015fman yard\u0131mc\u0131s\u0131 \/ vergi uzman\u0131 (f\/m\/d) tam veya yar\u0131 zamanl\u0131\"  class=\"choice-1 depth-1\"  >Vergi dan\u0131\u015fman yard\u0131mc\u0131s\u0131 \/ vergi uzman\u0131 (f\/m\/d) tam veya yar\u0131 zamanl\u0131<\/option><option value=\"Muhasebeci \/ Bilan\u00e7o muhasebecisi (f\/m\/d) tam veya yar\u0131 zamanl\u0131\"  selected='selected' class=\"choice-2 depth-1\"  >Muhasebeci \/ Bilan\u00e7o muhasebecisi (f\/m\/d) tam veya yar\u0131 zamanl\u0131<\/option><\/select><\/div><div id=\"wpforms-508-field_3-container\" class=\"wpforms-field wpforms-field-divider\" data-field-id=\"3\"><h3 id=\"wpforms-508-field_3\">Verileriniz<\/h3><\/div><div id=\"wpforms-508-field_4-container\" class=\"wpforms-field wpforms-field-layout\" data-field-id=\"4\"><div class=\"wpforms-field-layout-columns wpforms-field-layout-preset-50-50\"><div class=\"wpforms-layout-column wpforms-layout-column-50\" ><div id=\"wpforms-508-field_5-container\" class=\"wpforms-field wpforms-field-select wpforms-field-select-style-classic\" data-field-id=\"5\"><label class=\"wpforms-field-label\" for=\"wpforms-508-field_5\">Selamlama<\/label><select id=\"wpforms-508-field_5\" class=\"wpforms-field-medium\" name=\"wpforms[fields][5]\"><option value=\"Bayan\"  selected='selected' class=\"choice-1 depth-1\"  >Bayan<\/option><option value=\"Bay\"  class=\"choice-2 depth-1\"  >Bay<\/option><option value=\"Belirtilmemi\u015f\"  class=\"choice-3 depth-1\"  >Belirtilmemi\u015f<\/option><\/select><\/div><div id=\"wpforms-508-field_7-container\" class=\"wpforms-field wpforms-field-text\" data-field-id=\"7\"><label class=\"wpforms-field-label\" for=\"wpforms-508-field_7\">\u0130sim <span class=\"wpforms-required-label\">*<\/span><\/label><input type=\"text\" id=\"wpforms-508-field_7\" class=\"wpforms-field-medium wpforms-field-required\" name=\"wpforms[fields][7]\" required><\/div><div id=\"wpforms-508-field_9-container\" class=\"wpforms-field wpforms-field-text\" data-field-id=\"9\"><label class=\"wpforms-field-label\" for=\"wpforms-508-field_9\">Sokak, ev numaras\u0131 <span class=\"wpforms-required-label\">*<\/span><\/label><input type=\"text\" id=\"wpforms-508-field_9\" class=\"wpforms-field-medium wpforms-field-required\" name=\"wpforms[fields][9]\" required><\/div><div id=\"wpforms-508-field_11-container\" class=\"wpforms-field wpforms-field-email\" data-field-id=\"11\"><label class=\"wpforms-field-label\" for=\"wpforms-508-field_11\">E-posta adresi <span class=\"wpforms-required-label\">*<\/span><\/label><input type=\"email\" id=\"wpforms-508-field_11\" class=\"wpforms-field-medium wpforms-field-required\" name=\"wpforms[fields][11]\" spellcheck=\"false\" required><\/div><\/div><div class=\"wpforms-layout-column wpforms-layout-column-50\" ><div id=\"wpforms-508-field_6-container\" class=\"wpforms-field wpforms-field-date-time\" data-field-id=\"6\"><label class=\"wpforms-field-label\" for=\"wpforms-508-field_6\">Do\u011fum tarihi <span class=\"wpforms-required-label\">*<\/span><\/label><div class=\"wpforms-datepicker-wrap\"><input type=\"text\" id=\"wpforms-508-field_6\" class=\"wpforms-field-date-time-date wpforms-datepicker wpforms-field-required wpforms-field-medium\" data-date-format=\"d.m.Y\" data-disable-past-dates=\"0\" data-input=\"true\" name=\"wpforms[fields][6][date]\" required><a title=\"Tarihi Sil\" data-clear role=\"button\" tabindex=\"0\" class=\"wpforms-datepicker-clear\" aria-label=\"Tarihi Sil\" style=\"display:none;\"><\/a><\/div><\/div><div id=\"wpforms-508-field_8-container\" class=\"wpforms-field wpforms-field-text\" data-field-id=\"8\"><label class=\"wpforms-field-label\" for=\"wpforms-508-field_8\">\u0130lk isim <span class=\"wpforms-required-label\">*<\/span><\/label><input type=\"text\" id=\"wpforms-508-field_8\" class=\"wpforms-field-medium wpforms-field-required\" name=\"wpforms[fields][8]\" required><\/div><div id=\"wpforms-508-field_10-container\" class=\"wpforms-field wpforms-field-text\" data-field-id=\"10\"><label class=\"wpforms-field-label\" for=\"wpforms-508-field_10\">Posta kodu, yer <span class=\"wpforms-required-label\">*<\/span><\/label><input type=\"text\" id=\"wpforms-508-field_10\" class=\"wpforms-field-medium wpforms-field-required\" name=\"wpforms[fields][10]\" required><\/div><div id=\"wpforms-508-field_12-container\" class=\"wpforms-field wpforms-field-phone\" data-field-id=\"12\"><label class=\"wpforms-field-label\" for=\"wpforms-508-field_12\">Telefon numaras\u0131 <span class=\"wpforms-required-label\">*<\/span><\/label><input type=\"tel\" id=\"wpforms-508-field_12\" class=\"wpforms-field-medium wpforms-field-required wpforms-smart-phone-field\" data-rule-smart-phone-field=\"true\" name=\"wpforms[fields][12]\" aria-label=\"Telefon numaras\u0131\" required><\/div><\/div><\/div><\/div><div id=\"wpforms-508-field_13-container\" class=\"wpforms-field wpforms-field-textarea\" data-field-id=\"13\"><label class=\"wpforms-field-label\" for=\"wpforms-508-field_13\">Bize mesaj\u0131n\u0131z<\/label><textarea id=\"wpforms-508-field_13\" class=\"wpforms-field-medium\" name=\"wpforms[fields][13]\" ><\/textarea><\/div><div id=\"wpforms-508-field_14-container\" class=\"wpforms-field wpforms-field-file-upload\" data-field-id=\"14\"><label class=\"wpforms-field-label\" for=\"wpforms-508-field_14\">Belgeleriniz<\/label><div\n\t\tclass=\"wpforms-uploader \"\n\t\tdata-field-id=\"14\"\n\t\tdata-form-id=\"508\"\n\t\tdata-input-name=\"wpforms_508_14\"\n\t\tdata-extensions=\"pdf\"\n\t\tdata-max-size=\"10485760\"\n\t\tdata-max-file-number=\"5\"\n\t\tdata-post-max-size=\"33554432\"\n\t\tdata-max-parallel-uploads=\"4\"\n\t\tdata-parallel-uploads=\"true\"\n\t\tdata-file-chunk-size=\"2097152\">\n\t<div class=\"dz-message\">\n\t\t<svg  viewBox=\"0 0 640 640\" focusable=\"false\" data-icon=\"inbox\" width=\"50px\" height=\"50px\" fill=\"currentColor\" aria-hidden=\"true\">\n\t\t\t<path d=\"M352 173.3L352 384C352 401.7 337.7 416 320 416C302.3 416 288 401.7 288 384L288 173.3L246.6 214.7C234.1 227.2 213.8 227.2 201.3 214.7C188.8 202.2 188.8 181.9 201.3 169.4L297.3 73.4C309.8 60.9 330.1 60.9 342.6 73.4L438.6 169.4C451.1 181.9 451.1 202.2 438.6 214.7C426.1 227.2 405.8 227.2 393.3 214.7L352 173.3zM320 464C364.2 464 400 428.2 400 384L480 384C515.3 384 544 412.7 544 448L544 480C544 515.3 515.3 544 480 544L160 544C124.7 544 96 515.3 96 480L96 448C96 412.7 124.7 384 160 384L240 384C240 428.2 275.8 464 320 464zM464 488C477.3 488 488 477.3 488 464C488 450.7 477.3 440 464 440C450.7 440 440 450.7 440 464C440 477.3 450.7 488 464 488z\"\/>\n\t\t<\/svg>\n\n\t\t<span class=\"modern-title\">\n\t\t\t\t\t\t\tDrag &amp; Drop Files, \t\t\t\t<span>Choose Files to Upload<\/span>\n\t\t\t\t\t<\/span>\n\n\t\t\t\t\t<span class=\"modern-hint\">En fazla 5 dosya y\u00fckleyebilirsiniz.<\/span>\n\t\t\t<\/div>\n<\/div>\n\n<input\n\t\ttype=\"text\"\n\t\tautocomplete=\"off\"\n\t\treadonly\n\t\tclass=\"dropzone-input\"\n\t\tstyle=\"position:absolute!important;clip:rect(0,0,0,0)!important;height:1px!important;width:1px!important;border:0!important;overflow:hidden!important;padding:0!important;margin:0!important;\"\n\t\tid=\"wpforms-508-field_14\"\n\t\tname=\"wpforms_508_14\" \t\tvalue=\"\">\n<div class=\"wpforms-field-description\">Ba\u015fvuru belgelerinizi buraya ekleyebilirsiniz. Yaln\u0131zca 10 MB boyutuna kadar PDF dosyalar\u0131na izin verilir.<\/div><\/div><div id=\"wpforms-508-field_16-container\" class=\"wpforms-field wpforms-field-checkbox\" data-field-id=\"16\"><label class=\"wpforms-field-label\">Gizlilik Politikas\u0131 <span class=\"wpforms-required-label\">*<\/span><\/label><ul id=\"wpforms-508-field_16\" class=\"wpforms-field-required\"><li class=\"choice-1 depth-1\"><input type=\"checkbox\" id=\"wpforms-508-field_16_1\" name=\"wpforms[fields][16][]\" value=\"Gizlilik politikas\u0131n\u0131 okudum ve kabul ediyorum.\" required ><label class=\"wpforms-field-label-inline\" for=\"wpforms-508-field_16_1\">Gizlilik politikas\u0131n\u0131 okudum ve kabul ediyorum.<\/label><\/li><\/ul><div class=\"wpforms-field-description\">Veri koruma beyan\u0131n\u0131z\u0131 dikkate ald\u0131m ve ba\u015fvurumun i\u015fleme konulmas\u0131 amac\u0131yla bilgilerimin iletilmesine, i\u015flenmesine ve saklanmas\u0131na izin veriyorum. Onay\u0131m, info@mybestcase.de adresine bir e-posta g\u00f6ndererek herhangi bir zamanda iptal edilebilir.  <\/div><\/div><\/div><!-- .wpforms-field-container --><div class=\"wpforms-submit-container\" ><input type=\"hidden\" name=\"wpforms[id]\" value=\"508\"><input type=\"hidden\" name=\"page_title\" value=\"\"><input type=\"hidden\" name=\"page_url\" value=\"https:\/\/mybestcase.de\/tr\/wp-json\/wp\/v2\/pages\/709\"><input type=\"hidden\" name=\"url_referer\" value=\"\"><button type=\"submit\" name=\"wpforms[submit]\" id=\"wpforms-submit-508\" class=\"wpforms-submit\" data-alt-text=\"G\u00f6nder...\" data-submit-text=\"G\u00f6nder\" aria-live=\"assertive\" value=\"wpforms-submit\">G\u00f6nder<\/button><img loading=\"lazy\" decoding=\"async\" src=\"https:\/\/mybestcase.de\/wp-content\/plugins\/wpforms\/assets\/images\/submit-spin.svg\" class=\"wpforms-submit-spinner\" style=\"display: none;\" width=\"26\" height=\"26\" alt=\"Y\u00fckleniyor\"><\/div><\/form><\/div>  <!-- .wpforms-container -->\n<p style=\"padding-bottom:var(--wp--preset--spacing--80)\"><\/p>\n","protected":false},"excerpt":{"rendered":"<p>Muhasebeci \/ Bilan\u00e7o muhasebecisi (f\/m\/d) Tam veya yar\u0131 zamanl\u0131 Bunlar sizin g\u00f6revleriniz Bu sizin profiliniz Ne sunuyoruz Uygulama E\u011fer ilginizi \u00e7ektiysek ve dijital, gelece\u011fe d\u00f6n\u00fck ve gen\u00e7 bir hukuk b\u00fcrosunda hem kendinizi geli\u015ftirebilece\u011finiz hem de i\u015finizden keyif alabilece\u011finiz yeni bir meydan okuma ar\u0131yorsan\u0131z, ba\u015fvurunuzu almaktan ve sizinle \u015fahsen tan\u0131\u015fmaktan memnuniyet duyar\u0131z. Online ba\u015fvurumuzu kullan\u0131n:<\/p>\n","protected":false},"author":1,"featured_media":0,"parent":0,"menu_order":0,"comment_status":"closed","ping_status":"closed","template":"","meta":{"site-sidebar-layout":"default","site-content-layout":"","ast-site-content-layout":"default","site-content-style":"default","site-sidebar-style":"default","ast-global-header-display":"","ast-banner-title-visibility":"","ast-main-header-display":"","ast-hfb-above-header-display":"","ast-hfb-below-header-display":"","ast-hfb-mobile-header-display":"","site-post-title":"disabled","ast-breadcrumbs-content":"","ast-featured-img":"","footer-sml-layout":"","ast-disable-related-posts":"","theme-transparent-header-meta":"","adv-header-id-meta":"","stick-header-meta":"","header-above-stick-meta":"","header-main-stick-meta":"","header-below-stick-meta":"","astra-migrate-meta-layouts":"default","ast-page-background-enabled":"default","ast-page-background-meta":{"desktop":{"background-color":"var(--ast-global-color-4)","background-image":"","background-repeat":"repeat","background-position":"center center","background-size":"auto","background-attachment":"scroll","background-type":"","background-media":"","overlay-type":"","overlay-color":"","overlay-opacity":"","overlay-gradient":""},"tablet":{"background-color":"","background-image":"","background-repeat":"repeat","background-position":"center center","background-size":"auto","background-attachment":"scroll","background-type":"","background-media":"","overlay-type":"","overlay-color":"","overlay-opacity":"","overlay-gradient":""},"mobile":{"background-color":"","background-image":"","background-repeat":"repeat","background-position":"center center","background-size":"auto","background-attachment":"scroll","background-type":"","background-media":"","overlay-type":"","overlay-color":"","overlay-opacity":"","overlay-gradient":""}},"ast-content-background-meta":{"desktop":{"background-color":"var(--ast-global-color-5)","background-image":"","background-repeat":"repeat","background-position":"center center","background-size":"auto","background-attachment":"scroll","background-type":"","background-media":"","overlay-type":"","overlay-color":"","overlay-opacity":"","overlay-gradient":""},"tablet":{"background-color":"var(--ast-global-color-5)","background-image":"","background-repeat":"repeat","background-position":"center center","background-size":"auto","background-attachment":"scroll","background-type":"","background-media":"","overlay-type":"","overlay-color":"","overlay-opacity":"","overlay-gradient":""},"mobile":{"background-color":"var(--ast-global-color-5)","background-image":"","background-repeat":"repeat","background-position":"center center","background-size":"auto","background-attachment":"scroll","background-type":"","background-media":"","overlay-type":"","overlay-color":"","overlay-opacity":"","overlay-gradient":""}},"footnotes":""},"class_list":["post-709","page","type-page","status-publish","hentry"],"_links":{"self":[{"href":"https:\/\/mybestcase.de\/tr\/wp-json\/wp\/v2\/pages\/709","targetHints":{"allow":["GET"]}}],"collection":[{"href":"https:\/\/mybestcase.de\/tr\/wp-json\/wp\/v2\/pages"}],"about":[{"href":"https:\/\/mybestcase.de\/tr\/wp-json\/wp\/v2\/types\/page"}],"author":[{"embeddable":true,"href":"https:\/\/mybestcase.de\/tr\/wp-json\/wp\/v2\/users\/1"}],"replies":[{"embeddable":true,"href":"https:\/\/mybestcase.de\/tr\/wp-json\/wp\/v2\/comments?post=709"}],"version-history":[{"count":1,"href":"https:\/\/mybestcase.de\/tr\/wp-json\/wp\/v2\/pages\/709\/revisions"}],"predecessor-version":[{"id":710,"href":"https:\/\/mybestcase.de\/tr\/wp-json\/wp\/v2\/pages\/709\/revisions\/710"}],"wp:attachment":[{"href":"https:\/\/mybestcase.de\/tr\/wp-json\/wp\/v2\/media?parent=709"}],"curies":[{"name":"wp","href":"https:\/\/api.w.org\/{rel}","templated":true}]}}