{"id":701,"date":"2023-03-09T20:22:19","date_gmt":"2023-03-09T19:22:19","guid":{"rendered":"https:\/\/mybestcase.heffner.consulting\/kuenye\/"},"modified":"2026-03-05T13:25:58","modified_gmt":"2026-03-05T12:25:58","slug":"kuenye","status":"publish","type":"page","link":"https:\/\/mybestcase.de\/tr\/kuenye\/","title":{"rendered":"K\u00fcnye"},"content":{"rendered":"\n<h3 class=\"wp-block-heading\">MY BEst Case Steuerberatungsgesellschaft mbH<\/h3>\n\n<p>Heerstra\u00dfe 18-20<br\/>14052 Berlin<br\/>Telefon: +49 30 88926450<br\/>Faks: +49 30 88926459<br\/>E-posta: info@mybestcase.de<br\/>Web: www.mybestcase.de<\/p>\n\n<p>Temsil eden:<br\/>Burhan Konak<\/p>\n\n<p>Sicil kayd\u0131:<br\/>Ticaret siciline kay\u0131tl\u0131d\u0131r.<br\/>Sicil mahkemesi: Berlin Charlottenburg<br\/>Sicil numaras\u0131: HRB 233438 B<\/p>\n\n<p>Sat\u0131\u015f vergisi kimli\u011fi:<br\/>\u00a727a sat\u0131\u015f vergisi yasas\u0131na g\u00f6re sat\u0131\u015f vergisi kimlik numaras\u0131: DE815906316<\/p>\n\n<p>Mesleki sorumluluk sigortas\u0131:<br\/><\/p>\n\n<p>ERGO Direkt AG<br\/>Karl-Martell-Str. 60<br\/>90344 N\u00fcrnberg<br\/>Sigorta teminat\u0131n\u0131n b\u00f6lgesel kapsam\u0131 Almanya&#8217;daki faaliyetleri i\u00e7erir. <\/p>\n\n<p>Avrupa Komisyonu, \u00e7evrimi\u00e7i uyu\u015fmazl\u0131k \u00e7\u00f6z\u00fcm\u00fc (OS) i\u00e7in burada bulabilece\u011finiz bir platform sa\u011flamaktad\u0131r <a href=\"https:\/\/ec.europa.eu\/consumers\/odr\/\"><strong>https:\/\/ec.europa.eu\/consumers\/odr\/<\/strong><\/a>.<br\/>Bir t\u00fcketici hakem heyeti nezdindeki uyu\u015fmazl\u0131k \u00e7\u00f6z\u00fcm i\u015flemlerine kat\u0131lmak zorunda de\u011filiz veya buna istekli de\u011filiz.<\/p>\n\n<p>\u0130\u00e7eri\u011fin dikkatli bir \u015fekilde kontrol edilmesine ra\u011fmen, harici ba\u011flant\u0131lar\u0131n i\u00e7eri\u011fi i\u00e7in hi\u00e7bir sorumluluk kabul etmiyoruz. Ba\u011flant\u0131 verilen sayfalar\u0131n operat\u00f6rleri i\u00e7eriklerinden tek ba\u015f\u0131na sorumludur.<\/p>\n\n<p>Web sitesinin tasar\u0131m\u0131 ve teknik uygulamas\u0131:<\/p>\n\n<p>Yusuf \u00d6zkan<\/p>\n\n<p>Foto\u011fraf kredileri:<br\/>Header Home \/ Imprint: mandritoiu (Shutterstock)<br\/>Header Home &#8211; \u00c7al\u0131\u015fanlar: Konstantin Chagin (Shutterstock)<br\/>Header Home &#8211; \u015eirket: ImageFlow (Shutterstock)<br\/>Header MY Consilium GmbH \/ Kariyer \/ \u0130leti\u015fim: Mehmet \u00c7etin (Shutterstock)<br\/>Kariyer \/ Kenar \u00c7ubu\u011fu: Minerva Studio\/fotolia<\/p>\n\n<p><em><a href=\"http:\/\/shop.trustedshops.com\/rechtstexte-kostenlos\">\n  <strong>K\u00fcnye<\/strong>\n<\/a> ile olu\u015fturulan <a href=\"https:\/\/shop.trustedshops.com\/de\/\">\n  <strong>G\u00fcvenilir Ma\u011fazalar<\/strong>\n<\/a> ile i\u015fbirli\u011fi i\u00e7inde yasal metin <a href=\"http:\/\/www.wbs-law.de\/\">\n  <strong>Wilde Beuger Solmecke Avukatl\u0131k B\u00fcrosu<\/strong>\n<\/a>.<\/em><\/p>\n\n<hr class=\"wp-block-separator has-alpha-channel-opacity\"\/>\n\n<h4 class=\"wp-block-heading\">Sorumluluk reddi &#8211; yasal bilgiler<\/h4>\n\n<p>\u00a7 1 \u0130\u00e7erik uyar\u0131s\u0131<\/p>\n\n<p>Bu web sitesinin \u00fccretsiz ve serbest\u00e7e eri\u015filebilen i\u00e7eri\u011fi m\u00fcmk\u00fcn olan en b\u00fcy\u00fck \u00f6zen g\u00f6sterilerek olu\u015fturulmu\u015ftur. Bununla birlikte, bu web sitesinin sa\u011flay\u0131c\u0131s\u0131, sa\u011flanan \u00fccretsiz ve serbest\u00e7e eri\u015filebilen gazetecilik rehberlerinin ve haberlerinin do\u011frulu\u011funu ve g\u00fcncelli\u011fini garanti etmez. \u0130simle belirtilen katk\u0131lar ilgili yazar\u0131n g\u00f6r\u00fc\u015f\u00fcn\u00fc yans\u0131t\u0131r ve her zaman sa\u011flay\u0131c\u0131n\u0131n g\u00f6r\u00fc\u015f\u00fcn\u00fc yans\u0131tmaz. \u00dccretsiz ve serbest\u00e7e eri\u015filebilen i\u00e7eri\u011fin \u00e7a\u011fr\u0131lmas\u0131 tek ba\u015f\u0131na kullan\u0131c\u0131 ile sa\u011flay\u0131c\u0131 aras\u0131nda herhangi bir s\u00f6zle\u015fme ili\u015fkisi kurmaz; bu bak\u0131mdan sa\u011flay\u0131c\u0131n\u0131n yasal olarak ba\u011fl\u0131 olma niyeti eksiktir.<\/p>\n\n<p>\u00a7 2 D\u0131\u015f ba\u011flant\u0131lar<\/p>\n\n<p>Bu web sitesi \u00fc\u00e7\u00fcnc\u00fc taraf web sitelerine ba\u011flant\u0131lar (&#8220;harici ba\u011flant\u0131lar&#8221;) i\u00e7ermektedir. Bu web siteleri ilgili operat\u00f6rlerin sorumlulu\u011funa tabidir. Harici ba\u011flant\u0131lar ilk olu\u015fturuldu\u011funda, sa\u011flay\u0131c\u0131 harici i\u00e7eri\u011fi herhangi bir yasal ihlale kar\u015f\u0131 kontrol etmi\u015ftir. O s\u0131rada herhangi bir yasal ihlal g\u00f6r\u00fclmemi\u015ftir. Sa\u011flay\u0131c\u0131n\u0131n, ba\u011flant\u0131l\u0131 sayfalar\u0131n mevcut ve gelecekteki tasar\u0131m\u0131 ve i\u00e7eri\u011fi \u00fczerinde hi\u00e7bir etkisi yoktur. Harici ba\u011flant\u0131lar\u0131n dahil edilmesi, sa\u011flay\u0131c\u0131n\u0131n referans\u0131n veya ba\u011flant\u0131n\u0131n arkas\u0131ndaki i\u00e7eri\u011fi kendi i\u00e7eri\u011fi olarak benimsedi\u011fi anlam\u0131na gelmez. Sa\u011flay\u0131c\u0131n\u0131n, yasal ihlallere ili\u015fkin somut g\u00f6stergeler olmadan d\u0131\u015f ba\u011flant\u0131lar\u0131 s\u00fcrekli olarak izlemesi makul de\u011fildir. Ancak, yasal ihlallerin bilinmesi halinde bu t\u00fcr harici ba\u011flant\u0131lar derhal silinecektir.<\/p>\n\n<p>\u00a7 3 Telif haklar\u0131 ve yard\u0131mc\u0131 telif haklar\u0131<\/p>\n\n<p>Bu web sitesinde yay\u0131nlanan i\u00e7erikler Alman telif hakk\u0131 ve yard\u0131mc\u0131 telif hakk\u0131 yasas\u0131na tabidir. Alman telif hakk\u0131 ve yard\u0131mc\u0131 telif hakk\u0131 yasas\u0131 taraf\u0131ndan izin verilmeyen her t\u00fcrl\u00fc kullan\u0131m, sa\u011flay\u0131c\u0131n\u0131n veya ilgili hak sahibinin \u00f6nceden yaz\u0131l\u0131 onay\u0131n\u0131 gerektirir. Bu \u00f6zellikle veri tabanlar\u0131 veya di\u011fer elektronik ortam ve sistemlerdeki i\u00e7eri\u011fin kopyalanmas\u0131, d\u00fczenlenmesi, terc\u00fcme edilmesi, depolanmas\u0131, i\u015flenmesi veya \u00e7o\u011falt\u0131lmas\u0131 i\u00e7in ge\u00e7erlidir. \u00dc\u00e7\u00fcnc\u00fc taraf i\u00e7eri\u011fi ve haklar\u0131 bu \u015fekilde i\u015faretlenmi\u015ftir. Tek tek i\u00e7eriklerin veya t\u00fcm sayfalar\u0131n izinsiz \u00e7o\u011falt\u0131lmas\u0131na veya da\u011f\u0131t\u0131lmas\u0131na izin verilmez ve kanunen cezaland\u0131r\u0131l\u0131r. Yaln\u0131zca ki\u015fisel, \u00f6zel ve ticari olmayan kullan\u0131m i\u00e7in kopyalar\u0131n \u00fcretilmesine ve indirilmesine izin verilir.<\/p>\n\n<p>Bu web sitesinin harici \u00e7er\u00e7evelerde g\u00f6r\u00fcnt\u00fclenmesine yaln\u0131zca yaz\u0131l\u0131 izinle izin verilir.<\/p>\n\n<p>\u00a7 4 \u00d6zel Kullan\u0131m Ko\u015fullar\u0131<\/p>\n\n<p>Bu web sitesinin m\u00fcnferit kullan\u0131mlar\u0131na ili\u015fkin \u00f6zel ko\u015fullar\u0131n yukar\u0131da belirtilen paragraflardan farkl\u0131 olmas\u0131 halinde, bu durum uygun yerde a\u00e7\u0131k\u00e7a belirtilecektir. Bu durumda, ilgili m\u00fcnferit durumda \u00f6zel kullan\u0131m ko\u015fullar\u0131 ge\u00e7erli olacakt\u0131r.<\/p>\n","protected":false},"excerpt":{"rendered":"<p>MY BEst Case Steuerberatungsgesellschaft mbH Heerstra\u00dfe 18-2014052 BerlinTelefon: +49 30 88926450Faks: +49 30 88926459E-posta: info@mybestcase.deWeb: www.mybestcase.de Temsil eden:Burhan Konak Sicil kayd\u0131:Ticaret siciline kay\u0131tl\u0131d\u0131r.Sicil mahkemesi: Berlin CharlottenburgSicil numaras\u0131: HRB 233438 B Sat\u0131\u015f vergisi kimli\u011fi:\u00a727a sat\u0131\u015f vergisi yasas\u0131na g\u00f6re sat\u0131\u015f vergisi kimlik numaras\u0131: DE815906316 Mesleki sorumluluk sigortas\u0131: ERGO Direkt AGKarl-Martell-Str. 6090344 N\u00fcrnbergSigorta teminat\u0131n\u0131n b\u00f6lgesel kapsam\u0131 Almanya&#8217;daki faaliyetleri [&hellip;]<\/p>\n","protected":false},"author":1,"featured_media":0,"parent":0,"menu_order":0,"comment_status":"closed","ping_status":"closed","template":"","meta":{"site-sidebar-layout":"default","site-content-layout":"plain-container","ast-site-content-layout":"normal-width-container","site-content-style":"unboxed","site-sidebar-style":"unboxed","ast-global-header-display":"","ast-banner-title-visibility":"","ast-main-header-display":"","ast-hfb-above-header-display":"","ast-hfb-below-header-display":"","ast-hfb-mobile-header-display":"","site-post-title":"","ast-breadcrumbs-content":"","ast-featured-img":"","footer-sml-layout":"","ast-disable-related-posts":"","theme-transparent-header-meta":"","adv-header-id-meta":"","stick-header-meta":"","header-above-stick-meta":"","header-main-stick-meta":"","header-below-stick-meta":"","astra-migrate-meta-layouts":"default","ast-page-background-enabled":"default","ast-page-background-meta":{"desktop":{"background-color":"var(--ast-global-color-4)","background-image":"","background-repeat":"repeat","background-position":"center center","background-size":"auto","background-attachment":"scroll","background-type":"","background-media":"","overlay-type":"","overlay-color":"","overlay-opacity":"","overlay-gradient":""},"tablet":{"background-color":"","background-image":"","background-repeat":"repeat","background-position":"center center","background-size":"auto","background-attachment":"scroll","background-type":"","background-media":"","overlay-type":"","overlay-color":"","overlay-opacity":"","overlay-gradient":""},"mobile":{"background-color":"","background-image":"","background-repeat":"repeat","background-position":"center center","background-size":"auto","background-attachment":"scroll","background-type":"","background-media":"","overlay-type":"","overlay-color":"","overlay-opacity":"","overlay-gradient":""}},"ast-content-background-meta":{"desktop":{"background-color":"var(--ast-global-color-5)","background-image":"","background-repeat":"repeat","background-position":"center center","background-size":"auto","background-attachment":"scroll","background-type":"","background-media":"","overlay-type":"","overlay-color":"","overlay-opacity":"","overlay-gradient":""},"tablet":{"background-color":"var(--ast-global-color-5)","background-image":"","background-repeat":"repeat","background-position":"center center","background-size":"auto","background-attachment":"scroll","background-type":"","background-media":"","overlay-type":"","overlay-color":"","overlay-opacity":"","overlay-gradient":""},"mobile":{"background-color":"var(--ast-global-color-5)","background-image":"","background-repeat":"repeat","background-position":"center center","background-size":"auto","background-attachment":"scroll","background-type":"","background-media":"","overlay-type":"","overlay-color":"","overlay-opacity":"","overlay-gradient":""}},"footnotes":""},"class_list":["post-701","page","type-page","status-publish","hentry"],"_links":{"self":[{"href":"https:\/\/mybestcase.de\/tr\/wp-json\/wp\/v2\/pages\/701","targetHints":{"allow":["GET"]}}],"collection":[{"href":"https:\/\/mybestcase.de\/tr\/wp-json\/wp\/v2\/pages"}],"about":[{"href":"https:\/\/mybestcase.de\/tr\/wp-json\/wp\/v2\/types\/page"}],"author":[{"embeddable":true,"href":"https:\/\/mybestcase.de\/tr\/wp-json\/wp\/v2\/users\/1"}],"replies":[{"embeddable":true,"href":"https:\/\/mybestcase.de\/tr\/wp-json\/wp\/v2\/comments?post=701"}],"version-history":[{"count":2,"href":"https:\/\/mybestcase.de\/tr\/wp-json\/wp\/v2\/pages\/701\/revisions"}],"predecessor-version":[{"id":843,"href":"https:\/\/mybestcase.de\/tr\/wp-json\/wp\/v2\/pages\/701\/revisions\/843"}],"wp:attachment":[{"href":"https:\/\/mybestcase.de\/tr\/wp-json\/wp\/v2\/media?parent=701"}],"curies":[{"name":"wp","href":"https:\/\/api.w.org\/{rel}","templated":true}]}}