{"id":685,"date":"2023-03-20T10:10:48","date_gmt":"2023-03-20T09:10:48","guid":{"rendered":"https:\/\/mybestcase.heffner.consulting\/muesteri-ana-sayfasi\/"},"modified":"2023-04-26T14:06:08","modified_gmt":"2023-04-26T12:06:08","slug":"muesteri-ana-sayfasi","status":"publish","type":"page","link":"https:\/\/mybestcase.de\/tr\/muesteri-ana-sayfasi\/","title":{"rendered":"M\u00fc\u015fteri ana sayfas\u0131"},"content":{"rendered":"<div class=\"wpforms-container wpforms-container-full wpforms-block\" id=\"wpforms-248\"><form id=\"wpforms-form-248\" class=\"wpforms-validate wpforms-form wpforms-ajax-form\" data-formid=\"248\" method=\"post\" enctype=\"multipart\/form-data\" action=\"\/tr\/wp-json\/wp\/v2\/pages\/685\" data-token=\"5501e35e1d155ddb16b3e99c05525978\" data-token-time=\"1777950719\"><noscript class=\"wpforms-error-noscript\">Bu formu bitirebilmek i\u00e7in taray\u0131c\u0131n\u0131zda JavaScript&#039;i etkinle\u015ftirin.<\/noscript><div class=\"wpforms-field-container\"><div id=\"wpforms-248-field_10-container\" class=\"wpforms-field wpforms-field-divider\" data-field-id=\"10\"><h3 id=\"wpforms-248-field_10\">1. adres ve ileti\u015fim verileri<\/h3><\/div><div id=\"wpforms-248-field_1-container\" class=\"wpforms-field wpforms-field-text\" data-field-id=\"1\"><label class=\"wpforms-field-label\" for=\"wpforms-248-field_1\">\u015eirket ad\u0131: <span class=\"wpforms-required-label\">*<\/span><\/label><input type=\"text\" id=\"wpforms-248-field_1\" class=\"wpforms-field-medium wpforms-field-required\" name=\"wpforms[fields][1]\" required><\/div><div id=\"wpforms-248-field_2-container\" class=\"wpforms-field wpforms-field-text\" data-field-id=\"2\"><label class=\"wpforms-field-label\" for=\"wpforms-248-field_2\">Yasal \u015fekli:<\/label><input type=\"text\" id=\"wpforms-248-field_2\" class=\"wpforms-field-medium\" name=\"wpforms[fields][2]\" ><\/div><div id=\"wpforms-248-field_3-container\" class=\"wpforms-field wpforms-field-text\" data-field-id=\"3\"><label class=\"wpforms-field-label\" for=\"wpforms-248-field_3\">Sokak ve ev numaras\u0131:<\/label><input type=\"text\" id=\"wpforms-248-field_3\" class=\"wpforms-field-medium\" name=\"wpforms[fields][3]\" ><\/div><div id=\"wpforms-248-field_4-container\" class=\"wpforms-field wpforms-field-text\" data-field-id=\"4\"><label class=\"wpforms-field-label\" for=\"wpforms-248-field_4\">Posta kodu ve \u015fehir:<\/label><input type=\"text\" id=\"wpforms-248-field_4\" class=\"wpforms-field-medium\" name=\"wpforms[fields][4]\" ><\/div><div id=\"wpforms-248-field_34-container\" class=\"wpforms-field wpforms-field-text\" data-field-id=\"34\"><label class=\"wpforms-field-label\" for=\"wpforms-248-field_34\">Hissedar<\/label><input type=\"text\" id=\"wpforms-248-field_34\" class=\"wpforms-field-medium\" name=\"wpforms[fields][34]\" ><\/div><div id=\"wpforms-248-field_35-container\" class=\"wpforms-field wpforms-field-text\" data-field-id=\"35\"><label class=\"wpforms-field-label\" for=\"wpforms-248-field_35\">Genel M\u00fcd\u00fcr<\/label><input type=\"text\" id=\"wpforms-248-field_35\" class=\"wpforms-field-medium\" name=\"wpforms[fields][35]\" ><\/div><div id=\"wpforms-248-field_5-container\" class=\"wpforms-field wpforms-field-text\" data-field-id=\"5\"><label class=\"wpforms-field-label\" for=\"wpforms-248-field_5\">Telefon\/cep telefonu:<\/label><input type=\"text\" id=\"wpforms-248-field_5\" class=\"wpforms-field-medium\" name=\"wpforms[fields][5]\" ><\/div><div id=\"wpforms-248-field_6-container\" class=\"wpforms-field wpforms-field-text\" data-field-id=\"6\"><label class=\"wpforms-field-label\" for=\"wpforms-248-field_6\">Faks:<\/label><input type=\"text\" id=\"wpforms-248-field_6\" class=\"wpforms-field-medium\" name=\"wpforms[fields][6]\" ><\/div><div id=\"wpforms-248-field_7-container\" class=\"wpforms-field wpforms-field-text\" data-field-id=\"7\"><label class=\"wpforms-field-label\" for=\"wpforms-248-field_7\">E-posta\/\u0130nternet:<\/label><input type=\"text\" id=\"wpforms-248-field_7\" class=\"wpforms-field-medium\" name=\"wpforms[fields][7]\" ><\/div><div id=\"wpforms-248-field_8-container\" class=\"wpforms-field wpforms-field-text\" data-field-id=\"8\"><label class=\"wpforms-field-label\" for=\"wpforms-248-field_8\">Do\u011fum tarihi:<\/label><input type=\"text\" id=\"wpforms-248-field_8\" class=\"wpforms-field-medium\" name=\"wpforms[fields][8]\" ><\/div><div id=\"wpforms-248-field_11-container\" class=\"wpforms-field wpforms-field-divider\" data-field-id=\"11\"><h3 id=\"wpforms-248-field_11\">2. banka bi\u0307lgi\u0307leri\u0307<\/h3><\/div><div id=\"wpforms-248-field_12-container\" class=\"wpforms-field wpforms-field-text\" data-field-id=\"12\"><label class=\"wpforms-field-label\" for=\"wpforms-248-field_12\">Banka:<\/label><input type=\"text\" id=\"wpforms-248-field_12\" class=\"wpforms-field-medium\" name=\"wpforms[fields][12]\" ><\/div><div id=\"wpforms-248-field_13-container\" class=\"wpforms-field wpforms-field-text\" data-field-id=\"13\"><label class=\"wpforms-field-label\" for=\"wpforms-248-field_13\">Banka kodu:<\/label><input type=\"text\" id=\"wpforms-248-field_13\" class=\"wpforms-field-medium\" name=\"wpforms[fields][13]\" ><\/div><div id=\"wpforms-248-field_14-container\" class=\"wpforms-field wpforms-field-text\" data-field-id=\"14\"><label class=\"wpforms-field-label\" for=\"wpforms-248-field_14\">IBAN:<\/label><input type=\"text\" id=\"wpforms-248-field_14\" class=\"wpforms-field-medium\" name=\"wpforms[fields][14]\" ><\/div><div id=\"wpforms-248-field_15-container\" class=\"wpforms-field wpforms-field-divider\" data-field-id=\"15\"><h3 id=\"wpforms-248-field_15\">3. Vergi Dairesi<\/h3><\/div><div id=\"wpforms-248-field_16-container\" class=\"wpforms-field wpforms-field-text\" data-field-id=\"16\"><label class=\"wpforms-field-label\" for=\"wpforms-248-field_16\">Vergi dairesi:<\/label><input type=\"text\" id=\"wpforms-248-field_16\" class=\"wpforms-field-medium\" name=\"wpforms[fields][16]\" ><\/div><div id=\"wpforms-248-field_17-container\" class=\"wpforms-field wpforms-field-text\" data-field-id=\"17\"><label class=\"wpforms-field-label\" for=\"wpforms-248-field_17\">Vergi numaras\u0131:<\/label><input type=\"text\" id=\"wpforms-248-field_17\" class=\"wpforms-field-medium\" name=\"wpforms[fields][17]\" ><\/div><div id=\"wpforms-248-field_18-container\" class=\"wpforms-field wpforms-field-text\" data-field-id=\"18\"><label class=\"wpforms-field-label\" for=\"wpforms-248-field_18\">KDV KIMLI\u011eI:<\/label><input type=\"text\" id=\"wpforms-248-field_18\" class=\"wpforms-field-medium\" name=\"wpforms[fields][18]\" ><\/div><div id=\"wpforms-248-field_19-container\" class=\"wpforms-field wpforms-field-divider\" data-field-id=\"19\"><h3 id=\"wpforms-248-field_19\">4. di\u011fer \u015firket verileri<\/h3><\/div><div id=\"wpforms-248-field_20-container\" class=\"wpforms-field wpforms-field-text\" data-field-id=\"20\"><label class=\"wpforms-field-label\" for=\"wpforms-248-field_20\">Kay\u0131t mahkemesi ve numaras\u0131:<\/label><input type=\"text\" id=\"wpforms-248-field_20\" class=\"wpforms-field-medium\" name=\"wpforms[fields][20]\" ><\/div><div id=\"wpforms-248-field_21-container\" class=\"wpforms-field wpforms-field-text\" data-field-id=\"21\"><label class=\"wpforms-field-label\" for=\"wpforms-248-field_21\">K\u00e2r belirleme y\u00f6ntemi:<\/label><input type=\"text\" id=\"wpforms-248-field_21\" class=\"wpforms-field-medium\" name=\"wpforms[fields][21]\" ><\/div><div id=\"wpforms-248-field_22-container\" class=\"wpforms-field wpforms-field-radio\" data-field-id=\"22\"><label class=\"wpforms-field-label\">Ciro vergilendirme t\u00fcr\u00fc:<\/label><ul id=\"wpforms-248-field_22\"><li class=\"choice-1 depth-1 wpforms-selected\"><input type=\"radio\" id=\"wpforms-248-field_22_1\" name=\"wpforms[fields][22]\" value=\"Hedef vergilendirme\"   checked='checked'><label class=\"wpforms-field-label-inline\" for=\"wpforms-248-field_22_1\">Hedef vergilendirme<\/label><\/li><li class=\"choice-2 depth-1\"><input type=\"radio\" id=\"wpforms-248-field_22_2\" name=\"wpforms[fields][22]\" value=\"Ger\u00e7ek vergilendirme\"  ><label class=\"wpforms-field-label-inline\" for=\"wpforms-248-field_22_2\">Ger\u00e7ek vergilendirme<\/label><\/li><\/ul><\/div><div id=\"wpforms-248-field_23-container\" class=\"wpforms-field wpforms-field-radio\" data-field-id=\"23\"><label class=\"wpforms-field-label\">Pe\u015fin KDV iadeleri:<\/label><ul id=\"wpforms-248-field_23\"><li class=\"choice-1 depth-1 wpforms-selected\"><input type=\"radio\" id=\"wpforms-248-field_23_1\" name=\"wpforms[fields][23]\" value=\"Ayl\u0131k\"   checked='checked'><label class=\"wpforms-field-label-inline\" for=\"wpforms-248-field_23_1\">Ayl\u0131k<\/label><\/li><li class=\"choice-2 depth-1\"><input type=\"radio\" id=\"wpforms-248-field_23_2\" name=\"wpforms[fields][23]\" value=\"\u00c7eyrek\"  ><label class=\"wpforms-field-label-inline\" for=\"wpforms-248-field_23_2\">\u00c7eyrek<\/label><\/li><li class=\"choice-3 depth-1\"><input type=\"radio\" id=\"wpforms-248-field_23_3\" name=\"wpforms[fields][23]\" value=\"Y\u0131ll\u0131k\"  ><label class=\"wpforms-field-label-inline\" for=\"wpforms-248-field_23_3\">Y\u0131ll\u0131k<\/label><\/li><\/ul><\/div><div id=\"wpforms-248-field_24-container\" class=\"wpforms-field wpforms-field-radio\" data-field-id=\"24\"><label class=\"wpforms-field-label\">Kal\u0131c\u0131 uzatma:<\/label><ul id=\"wpforms-248-field_24\"><li class=\"choice-1 depth-1 wpforms-selected\"><input type=\"radio\" id=\"wpforms-248-field_24_1\" name=\"wpforms[fields][24]\" value=\"Evet\"   checked='checked'><label class=\"wpforms-field-label-inline\" for=\"wpforms-248-field_24_1\">Evet<\/label><\/li><li class=\"choice-2 depth-1\"><input type=\"radio\" id=\"wpforms-248-field_24_2\" name=\"wpforms[fields][24]\" value=\"Hay\u0131r\"  ><label class=\"wpforms-field-label-inline\" for=\"wpforms-248-field_24_2\">Hay\u0131r<\/label><\/li><\/ul><\/div><div id=\"wpforms-248-field_25-container\" class=\"wpforms-field wpforms-field-radio\" data-field-id=\"25\"><label class=\"wpforms-field-label\">LSt bildirimleri:<\/label><ul id=\"wpforms-248-field_25\"><li class=\"choice-1 depth-1 wpforms-selected\"><input type=\"radio\" id=\"wpforms-248-field_25_1\" name=\"wpforms[fields][25]\" value=\"Ayl\u0131k\"   checked='checked'><label class=\"wpforms-field-label-inline\" for=\"wpforms-248-field_25_1\">Ayl\u0131k<\/label><\/li><li class=\"choice-2 depth-1\"><input type=\"radio\" id=\"wpforms-248-field_25_2\" name=\"wpforms[fields][25]\" value=\"\u00c7eyrek\"  ><label class=\"wpforms-field-label-inline\" for=\"wpforms-248-field_25_2\">\u00c7eyrek<\/label><\/li><li class=\"choice-3 depth-1\"><input type=\"radio\" id=\"wpforms-248-field_25_3\" name=\"wpforms[fields][25]\" value=\"Y\u0131ll\u0131k\"  ><label class=\"wpforms-field-label-inline\" for=\"wpforms-248-field_25_3\">Y\u0131ll\u0131k<\/label><\/li><\/ul><\/div><div id=\"wpforms-248-field_26-container\" class=\"wpforms-field wpforms-field-divider\" data-field-id=\"26\"><h3 id=\"wpforms-248-field_26\">5. ki\u015fisel veriler<\/h3><\/div><div id=\"wpforms-248-field_27-container\" class=\"wpforms-field wpforms-field-text\" data-field-id=\"27\"><label class=\"wpforms-field-label\" for=\"wpforms-248-field_27\">E\u015fi\/partneri:<\/label><input type=\"text\" id=\"wpforms-248-field_27\" class=\"wpforms-field-medium\" name=\"wpforms[fields][27]\" ><\/div><div id=\"wpforms-248-field_28-container\" class=\"wpforms-field wpforms-field-date-time\" data-field-id=\"28\"><label class=\"wpforms-field-label\" for=\"wpforms-248-field_28\">Partnerin do\u011fum tarihi:<\/label><div class=\"wpforms-datepicker-wrap\"><input type=\"text\" id=\"wpforms-248-field_28\" class=\"wpforms-field-date-time-date wpforms-datepicker wpforms-field-medium\" data-date-format=\"d.m.Y\" data-disable-past-dates=\"0\" data-input=\"true\" name=\"wpforms[fields][28][date]\" ><a title=\"Tarihi Sil\" data-clear role=\"button\" tabindex=\"0\" class=\"wpforms-datepicker-clear\" aria-label=\"Tarihi Sil\" style=\"display:none;\"><\/a><\/div><\/div><div id=\"wpforms-248-field_29-container\" class=\"wpforms-field wpforms-field-text\" data-field-id=\"29\"><label class=\"wpforms-field-label\" for=\"wpforms-248-field_29\">\u00c7ocuklar:<\/label><input type=\"text\" id=\"wpforms-248-field_29\" class=\"wpforms-field-medium\" name=\"wpforms[fields][29]\" ><\/div><div id=\"wpforms-248-field_30-container\" class=\"wpforms-field wpforms-field-text\" data-field-id=\"30\"><label class=\"wpforms-field-label\" for=\"wpforms-248-field_30\">\u00c7ocuklar\u0131n do\u011fum tarihleri:<\/label><input type=\"text\" id=\"wpforms-248-field_30\" class=\"wpforms-field-medium\" name=\"wpforms[fields][30]\" ><\/div><div id=\"wpforms-248-field_31-container\" class=\"wpforms-field wpforms-field-layout\" data-field-id=\"31\"><div class=\"wpforms-field-layout-columns wpforms-field-layout-preset-50-50\"><div class=\"wpforms-layout-column wpforms-layout-column-50\" ><div id=\"wpforms-248-field_32-container\" class=\"wpforms-field wpforms-field-date-time\" data-field-id=\"32\"><label class=\"wpforms-field-label\" for=\"wpforms-248-field_32\">Tarih:<\/label><div class=\"wpforms-datepicker-wrap\"><input type=\"text\" id=\"wpforms-248-field_32\" class=\"wpforms-field-date-time-date wpforms-datepicker wpforms-field-medium\" data-date-format=\"d.m.Y\" data-disable-past-dates=\"0\" data-input=\"true\" name=\"wpforms[fields][32][date]\" ><a title=\"Tarihi Sil\" data-clear role=\"button\" tabindex=\"0\" class=\"wpforms-datepicker-clear\" aria-label=\"Tarihi Sil\" style=\"display:none;\"><\/a><\/div><\/div><\/div><div class=\"wpforms-layout-column wpforms-layout-column-50\" ><div id=\"wpforms-248-field_33-container\" class=\"wpforms-field wpforms-field-signature\" data-field-id=\"33\"><label class=\"wpforms-field-label\" for=\"wpforms-248-field_33\">\u0130mza<\/label><input type=\"text\" id=\"wpforms-248-field_33\" class=\"wpforms-signature-input wpforms-screen-reader-element\" data-is-wrapped-field=\"1\" name=\"wpforms[fields][33]\" autocomplete=\"off\" inputmode=\"none\" ><div class=\"wpforms-signature-wrap wpforms-field-row wpforms-field-large\"><canvas class=\"wpforms-signature-canvas\" id=\"wpforms-248-field_33-signature\" data-color=\"#000000\"><\/canvas><div class=\"wpforms-signature-clear\" title=\"Clear Signature\" tabindex=\"0\">\n\t\t\t\t<svg xmlns=\"http:\/\/www.w3.org\/2000\/svg\" width=\"1em\" height=\"1em\" preserveAspectRatio=\"xMidYMid meet\" viewBox=\"0 0 1536 1536\">\n\t\t\t\t\t<path fill=\"var( --wpforms-field-text-color, rgba(0, 0, 0, 0.25) )\" d=\"M1149 994q0-26-19-45L949 768l181-181q19-19 19-45q0-27-19-46l-90-90q-19-19-46-19q-26 0-45 19L768 587L587 406q-19-19-45-19q-27 0-46 19l-90 90q-19 19-19 46q0 26 19 45l181 181l-181 181q-19 19-19 45q0 27 19 46l90 90q19 19 46 19q26 0 45-19l181-181l181 181q19 19 45 19q27 0 46-19l90-90q19-19 19-46zm387-226q0 209-103 385.5T1153.5 1433T768 1536t-385.5-103T103 1153.5T0 768t103-385.5T382.5 103T768 0t385.5 103T1433 382.5T1536 768z\"\/>\n\t\t\t\t<\/svg>\n\t\t\t\t<div class=\"wpforms-signature-clear-caption\">Clear Signature<\/div>\n\t\t\t<\/div><\/div><\/div><\/div><\/div><\/div><\/div><!-- .wpforms-field-container --><div class=\"wpforms-submit-container\" ><input type=\"hidden\" name=\"wpforms[id]\" value=\"248\"><input type=\"hidden\" name=\"page_title\" value=\"\"><input type=\"hidden\" name=\"page_url\" value=\"https:\/\/mybestcase.de\/tr\/wp-json\/wp\/v2\/pages\/685\"><input type=\"hidden\" name=\"url_referer\" value=\"\"><button type=\"submit\" name=\"wpforms[submit]\" id=\"wpforms-submit-248\" class=\"wpforms-submit\" data-alt-text=\"G\u00f6nder...\" data-submit-text=\"G\u00f6nder\" aria-live=\"assertive\" value=\"wpforms-submit\">G\u00f6nder<\/button><img loading=\"lazy\" decoding=\"async\" src=\"https:\/\/mybestcase.de\/wp-content\/plugins\/wpforms\/assets\/images\/submit-spin.svg\" class=\"wpforms-submit-spinner\" style=\"display: none;\" width=\"26\" height=\"26\" alt=\"Y\u00fckleniyor\"><\/div><\/form><\/div>  <!-- .wpforms-container -->\n\n\n<p><\/p>\n","protected":false},"excerpt":{"rendered":"","protected":false},"author":1,"featured_media":0,"parent":0,"menu_order":0,"comment_status":"closed","ping_status":"closed","template":"","meta":{"site-sidebar-layout":"default","site-content-layout":"","ast-site-content-layout":"default","site-content-style":"default","site-sidebar-style":"default","ast-global-header-display":"","ast-banner-title-visibility":"","ast-main-header-display":"","ast-hfb-above-header-display":"","ast-hfb-below-header-display":"","ast-hfb-mobile-header-display":"","site-post-title":"","ast-breadcrumbs-content":"","ast-featured-img":"","footer-sml-layout":"","ast-disable-related-posts":"","theme-transparent-header-meta":"","adv-header-id-meta":"","stick-header-meta":"","header-above-stick-meta":"","header-main-stick-meta":"","header-below-stick-meta":"","astra-migrate-meta-layouts":"default","ast-page-background-enabled":"default","ast-page-background-meta":{"desktop":{"background-color":"var(--ast-global-color-4)","background-image":"","background-repeat":"repeat","background-position":"center center","background-size":"auto","background-attachment":"scroll","background-type":"","background-media":"","overlay-type":"","overlay-color":"","overlay-opacity":"","overlay-gradient":""},"tablet":{"background-color":"","background-image":"","background-repeat":"repeat","background-position":"center center","background-size":"auto","background-attachment":"scroll","background-type":"","background-media":"","overlay-type":"","overlay-color":"","overlay-opacity":"","overlay-gradient":""},"mobile":{"background-color":"","background-image":"","background-repeat":"repeat","background-position":"center center","background-size":"auto","background-attachment":"scroll","background-type":"","background-media":"","overlay-type":"","overlay-color":"","overlay-opacity":"","overlay-gradient":""}},"ast-content-background-meta":{"desktop":{"background-color":"var(--ast-global-color-5)","background-image":"","background-repeat":"repeat","background-position":"center center","background-size":"auto","background-attachment":"scroll","background-type":"","background-media":"","overlay-type":"","overlay-color":"","overlay-opacity":"","overlay-gradient":""},"tablet":{"background-color":"var(--ast-global-color-5)","background-image":"","background-repeat":"repeat","background-position":"center center","background-size":"auto","background-attachment":"scroll","background-type":"","background-media":"","overlay-type":"","overlay-color":"","overlay-opacity":"","overlay-gradient":""},"mobile":{"background-color":"var(--ast-global-color-5)","background-image":"","background-repeat":"repeat","background-position":"center center","background-size":"auto","background-attachment":"scroll","background-type":"","background-media":"","overlay-type":"","overlay-color":"","overlay-opacity":"","overlay-gradient":""}},"footnotes":""},"class_list":["post-685","page","type-page","status-publish","hentry"],"_links":{"self":[{"href":"https:\/\/mybestcase.de\/tr\/wp-json\/wp\/v2\/pages\/685","targetHints":{"allow":["GET"]}}],"collection":[{"href":"https:\/\/mybestcase.de\/tr\/wp-json\/wp\/v2\/pages"}],"about":[{"href":"https:\/\/mybestcase.de\/tr\/wp-json\/wp\/v2\/types\/page"}],"author":[{"embeddable":true,"href":"https:\/\/mybestcase.de\/tr\/wp-json\/wp\/v2\/users\/1"}],"replies":[{"embeddable":true,"href":"https:\/\/mybestcase.de\/tr\/wp-json\/wp\/v2\/comments?post=685"}],"version-history":[{"count":1,"href":"https:\/\/mybestcase.de\/tr\/wp-json\/wp\/v2\/pages\/685\/revisions"}],"predecessor-version":[{"id":686,"href":"https:\/\/mybestcase.de\/tr\/wp-json\/wp\/v2\/pages\/685\/revisions\/686"}],"wp:attachment":[{"href":"https:\/\/mybestcase.de\/tr\/wp-json\/wp\/v2\/media?parent=685"}],"curies":[{"name":"wp","href":"https:\/\/api.w.org\/{rel}","templated":true}]}}