{"id":671,"date":"2023-03-09T20:22:04","date_gmt":"2023-03-09T19:22:04","guid":{"rendered":"https:\/\/mybestcase.heffner.consulting\/kariyer\/"},"modified":"2023-04-26T14:18:18","modified_gmt":"2023-04-26T12:18:18","slug":"kariyer","status":"publish","type":"page","link":"https:\/\/mybestcase.de\/tr\/kariyer\/","title":{"rendered":"Kariyer"},"content":{"rendered":"\n<div class=\"wp-block-media-text alignwide is-stacked-on-mobile is-vertically-aligned-center\" style=\"padding-top:var(--wp--preset--spacing--80);padding-bottom:var(--wp--preset--spacing--80);grid-template-columns:24% auto\"><figure class=\"wp-block-media-text__media\"><img loading=\"lazy\" decoding=\"async\" width=\"683\" height=\"1024\" src=\"https:\/\/mybestcase.de\/wp-content\/uploads\/2023\/04\/shutterstock_64583161_blurred-683x1024.png\" alt=\"\" class=\"wp-image-476 size-full\" srcset=\"https:\/\/mybestcase.de\/wp-content\/uploads\/2023\/04\/shutterstock_64583161_blurred-683x1024.png 683w, https:\/\/mybestcase.de\/wp-content\/uploads\/2023\/04\/shutterstock_64583161_blurred-200x300.png 200w, https:\/\/mybestcase.de\/wp-content\/uploads\/2023\/04\/shutterstock_64583161_blurred-768x1152.png 768w, https:\/\/mybestcase.de\/wp-content\/uploads\/2023\/04\/shutterstock_64583161_blurred.png 1000w\" sizes=\"auto, (max-width: 683px) 100vw, 683px\" \/><\/figure><div class=\"wp-block-media-text__content\">\n<h1 class=\"wp-block-heading has-text-align-center has-text-color\" style=\"color:#000000\">Kariyer<\/h1>\n\n\n\n<p>Size keyifli bir \u00e7al\u0131\u015fma ortam\u0131, iyi bir \u00fccret ve ki\u015fisel ve mesleki geli\u015fim f\u0131rsat\u0131 sunan yeni bir m\u00fccadeleye haz\u0131r m\u0131s\u0131n\u0131z? E\u011fer \u00f6yleyse, manzara de\u011fi\u015fikli\u011fi veya yeni bir ba\u015flang\u0131\u00e7 yapmay\u0131 d\u00fc\u015f\u00fcnmenin zaman\u0131 gelmi\u015f olabilir!<\/p>\n\n\n\n<p>Bir i\u015fveren olarak \u00e7al\u0131\u015fanlar\u0131m\u0131za kar\u015f\u0131 adil ve \u00f6zenli davranmaya b\u00fcy\u00fck \u00f6nem veriyoruz. \u00c7al\u0131\u015fmalar\u0131n\u0131za de\u011fer veriyor ve mesleki geli\u015fiminiz i\u00e7in sizi destekliyoruz. Bizi ki\u015fisel bir g\u00f6r\u00fc\u015fmeyle tan\u0131yabilir ve sizi ikna etmemize izin verebilirsiniz. Ba\u015fvurunuzu almak i\u00e7in sab\u0131rs\u0131zlan\u0131yoruz!<\/p>\n<\/div><\/div>\n\n<h1 class=\"wp-block-heading has-text-align-center\" style=\"line-height:1.4\">Avantajlar\u0131n\u0131z<\/h1>\n\n<div class=\"wp-block-columns are-vertically-aligned-top is-layout-flex wp-container-core-columns-is-layout-28f84493 wp-block-columns-is-layout-flex\">\n<div class=\"wp-block-column is-vertically-aligned-top is-layout-flow wp-block-column-is-layout-flow\">\n<div class=\"icon-widget\" style=\"text-align:center\"><i class=\"fa fa-people-arrows fa-2x\" style=\"font-weight:600;color:#439891;background-color:#E1E3EA;padding:20px;border-radius:40px;\"> <\/i><br><h3 class=\"widget-title\">D\u00fcz hiyerar\u015filer<\/h3><\/div>\n<\/div>\n\n\n\n<div class=\"wp-block-column is-vertically-aligned-top is-layout-flow wp-block-column-is-layout-flow\">\n<div class=\"icon-widget\" style=\"text-align:center\"><i class=\"fa fa-house-laptop fa-2x\" style=\"font-weight:600;color:#439891;background-color:#E1E3EA;padding:20px;border-radius:40px;\"> <\/i><br><h3 class=\"widget-title\">Ev ofis ve uzaktan<\/h3><\/div>\n<\/div>\n\n\n\n<div class=\"wp-block-column is-vertically-aligned-top is-layout-flow wp-block-column-is-layout-flow\">\n<div class=\"icon-widget\" style=\"text-align:center\"><i class=\"fa fa-business-time fa-2x\" style=\"font-weight:600;color:#439891;background-color:#E1E3EA;padding:20px;border-radius:40px;\"> <\/i><br><h3 class=\"widget-title\">Flexitime<\/h3><\/div>\n<\/div>\n\n\n\n<div class=\"wp-block-column is-vertically-aligned-top is-layout-flow wp-block-column-is-layout-flow\">\n<div class=\"icon-widget\" style=\"text-align:center\"><i class=\"fa fa-mobile-screen-button fa-2x\" style=\"font-weight:600;color:#439891;background-color:#E1E3EA;padding:20px;border-radius:40px;\"> <\/i><br><h3 class=\"widget-title\">iPhone ve Diz\u00fcst\u00fc Bilgisayar<\/h3><\/div>\n<\/div>\n<\/div>\n\n<div class=\"wp-block-columns are-vertically-aligned-top is-layout-flex wp-container-core-columns-is-layout-28f84493 wp-block-columns-is-layout-flex\">\n<div class=\"wp-block-column is-vertically-aligned-top is-layout-flow wp-block-column-is-layout-flow\">\n<div class=\"icon-widget\" style=\"text-align:center\"><i class=\"fa fa-whiskey-glass fa-2x\" style=\"font-weight:600;color:#439891;background-color:#E1E3EA;padding:20px;border-radius:40px;\"> <\/i><br><h3 class=\"widget-title\">\u0130\u00e7ecekler ve at\u0131\u015ft\u0131rmal\u0131klar<\/h3><\/div>\n<\/div>\n\n\n\n<div class=\"wp-block-column is-vertically-aligned-top is-layout-flow wp-block-column-is-layout-flow\">\n<div class=\"icon-widget\" style=\"text-align:center\"><i class=\"fa fa-user-graduate fa-2x\" style=\"font-weight:600;color:#439891;background-color:#E1E3EA;padding:20px;border-radius:40px;\"> <\/i><br><h3 class=\"widget-title\">D\u00fczenli ileri e\u011fitim<\/h3><\/div>\n<\/div>\n\n\n\n<div class=\"wp-block-column is-layout-flow wp-block-column-is-layout-flow\">\n<div class=\"icon-widget\" style=\"text-align:center\"><i class=\"fa fa-desktop fa-2x\" style=\"font-weight:600;color:#439891;background-color:#E1E3EA;padding:20px;border-radius:40px;\"> <\/i><br><h3 class=\"widget-title\">ka\u011f\u0131ts\u0131z \u00e7al\u0131\u015fma<\/h3><\/div>\n<\/div>\n\n\n\n<div class=\"wp-block-column is-vertically-aligned-top is-layout-flow wp-block-column-is-layout-flow\">\n<div class=\"icon-widget\" style=\"text-align:center\"><i class=\"fa fa-euro-sign fa-2x\" style=\"font-weight:600;color:#439891;background-color:#E1E3EA;padding:20px;border-radius:40px;\"> <\/i><br><h3 class=\"widget-title\">Adil \u00f6deme<\/h3><\/div>\n<\/div>\n<\/div>\n\n<div class=\"inherit-container-width wp-block-group is-layout-constrained wp-block-group-is-layout-constrained\">\n<h1 class=\"wp-block-heading has-text-align-center\">Ekibimizi g\u00fc\u00e7lendirin<\/h1>\n\n\n\n<div class=\"wp-block-columns alignwide is-layout-flex wp-container-core-columns-is-layout-28f84493 wp-block-columns-is-layout-flex\">\n<div class=\"wp-block-column is-vertically-aligned-center is-layout-flow wp-block-column-is-layout-flow\">\n<div class=\"wp-block-buttons is-layout-flex wp-container-core-buttons-is-layout-ea8b11be wp-block-buttons-is-layout-flex\">\n<div class=\"wp-block-button has-custom-width wp-block-button__width-100\"><a class=\"wp-block-button__link wp-element-button\" href=\"https:\/\/mybestcase.de\/tr\/is-ilani-vergi-danismani-yardimcisi\/\">Vergi dan\u0131\u015fman\u0131 yard\u0131mc\u0131s\u0131 \/ vergi uzman\u0131 (f\/m\/d)  <br\/>Tam veya yar\u0131 zamanl\u0131<br\/><br\/><br\/><br\/><br\/><br\/>&#8230; daha fazla bilgi<\/a><\/div>\n<\/div>\n<\/div>\n\n\n\n<div class=\"wp-block-column is-layout-flow wp-block-column-is-layout-flow\">\n<div class=\"wp-block-buttons is-layout-flex wp-block-buttons-is-layout-flex\">\n<div class=\"wp-block-button has-custom-width wp-block-button__width-100\"><a class=\"wp-block-button__link has-text-align-center wp-element-button\" href=\"https:\/\/mybestcase.de\/tr\/is-ilani-muhasebeci\/\">Muhasebeci \/ Bilan\u00e7o muhasebecisi (f\/m\/d)  <br\/>Tam veya yar\u0131 zamanl\u0131<br\/><br\/><br\/><br\/><br\/><br\/>&#8230; daha fazla bilgi<\/a><\/div>\n<\/div>\n<\/div>\n<\/div>\n<\/div>\n","protected":false},"excerpt":{"rendered":"<p>Kariyer Size keyifli bir \u00e7al\u0131\u015fma ortam\u0131, iyi bir \u00fccret ve ki\u015fisel ve mesleki geli\u015fim f\u0131rsat\u0131 sunan yeni bir m\u00fccadeleye haz\u0131r m\u0131s\u0131n\u0131z? E\u011fer \u00f6yleyse, manzara de\u011fi\u015fikli\u011fi veya yeni bir ba\u015flang\u0131\u00e7 yapmay\u0131 d\u00fc\u015f\u00fcnmenin zaman\u0131 gelmi\u015f olabilir! Bir i\u015fveren olarak \u00e7al\u0131\u015fanlar\u0131m\u0131za kar\u015f\u0131 adil ve \u00f6zenli davranmaya b\u00fcy\u00fck \u00f6nem veriyoruz. \u00c7al\u0131\u015fmalar\u0131n\u0131za de\u011fer veriyor ve mesleki geli\u015fiminiz i\u00e7in sizi destekliyoruz. [&hellip;]<\/p>\n","protected":false},"author":1,"featured_media":0,"parent":0,"menu_order":0,"comment_status":"closed","ping_status":"closed","template":"","meta":{"site-sidebar-layout":"no-sidebar","site-content-layout":"plain-container","ast-site-content-layout":"default","site-content-style":"default","site-sidebar-style":"default","ast-global-header-display":"","ast-banner-title-visibility":"","ast-main-header-display":"","ast-hfb-above-header-display":"","ast-hfb-below-header-display":"","ast-hfb-mobile-header-display":"","site-post-title":"disabled","ast-breadcrumbs-content":"","ast-featured-img":"","footer-sml-layout":"","ast-disable-related-posts":"","theme-transparent-header-meta":"","adv-header-id-meta":"","stick-header-meta":"","header-above-stick-meta":"","header-main-stick-meta":"","header-below-stick-meta":"","astra-migrate-meta-layouts":"default","ast-page-background-enabled":"default","ast-page-background-meta":{"desktop":{"background-color":"var(--ast-global-color-4)","background-image":"","background-repeat":"repeat","background-position":"center center","background-size":"auto","background-attachment":"scroll","background-type":"","background-media":"","overlay-type":"","overlay-color":"","overlay-opacity":"","overlay-gradient":""},"tablet":{"background-color":"","background-image":"","background-repeat":"repeat","background-position":"center center","background-size":"auto","background-attachment":"scroll","background-type":"","background-media":"","overlay-type":"","overlay-color":"","overlay-opacity":"","overlay-gradient":""},"mobile":{"background-color":"","background-image":"","background-repeat":"repeat","background-position":"center center","background-size":"auto","background-attachment":"scroll","background-type":"","background-media":"","overlay-type":"","overlay-color":"","overlay-opacity":"","overlay-gradient":""}},"ast-content-background-meta":{"desktop":{"background-color":"var(--ast-global-color-5)","background-image":"","background-repeat":"repeat","background-position":"center center","background-size":"auto","background-attachment":"scroll","background-type":"","background-media":"","overlay-type":"","overlay-color":"","overlay-opacity":"","overlay-gradient":""},"tablet":{"background-color":"var(--ast-global-color-5)","background-image":"","background-repeat":"repeat","background-position":"center center","background-size":"auto","background-attachment":"scroll","background-type":"","background-media":"","overlay-type":"","overlay-color":"","overlay-opacity":"","overlay-gradient":""},"mobile":{"background-color":"var(--ast-global-color-5)","background-image":"","background-repeat":"repeat","background-position":"center center","background-size":"auto","background-attachment":"scroll","background-type":"","background-media":"","overlay-type":"","overlay-color":"","overlay-opacity":"","overlay-gradient":""}},"footnotes":""},"class_list":["post-671","page","type-page","status-publish","hentry"],"_links":{"self":[{"href":"https:\/\/mybestcase.de\/tr\/wp-json\/wp\/v2\/pages\/671","targetHints":{"allow":["GET"]}}],"collection":[{"href":"https:\/\/mybestcase.de\/tr\/wp-json\/wp\/v2\/pages"}],"about":[{"href":"https:\/\/mybestcase.de\/tr\/wp-json\/wp\/v2\/types\/page"}],"author":[{"embeddable":true,"href":"https:\/\/mybestcase.de\/tr\/wp-json\/wp\/v2\/users\/1"}],"replies":[{"embeddable":true,"href":"https:\/\/mybestcase.de\/tr\/wp-json\/wp\/v2\/comments?post=671"}],"version-history":[{"count":3,"href":"https:\/\/mybestcase.de\/tr\/wp-json\/wp\/v2\/pages\/671\/revisions"}],"predecessor-version":[{"id":717,"href":"https:\/\/mybestcase.de\/tr\/wp-json\/wp\/v2\/pages\/671\/revisions\/717"}],"wp:attachment":[{"href":"https:\/\/mybestcase.de\/tr\/wp-json\/wp\/v2\/media?parent=671"}],"curies":[{"name":"wp","href":"https:\/\/api.w.org\/{rel}","templated":true}]}}